{"id":29477,"date":"2025-12-27T18:28:38","date_gmt":"2025-12-27T17:28:38","guid":{"rendered":"https:\/\/japanese-linocut.com\/?post_type=product&#038;p=29477"},"modified":"2026-01-05T13:52:21","modified_gmt":"2026-01-05T12:52:21","slug":"linocut-yugen-mysterious-beauty-woman","status":"publish","type":"product","link":"https:\/\/japanese-linocut.com\/en\/produit\/linocut-yugen-mysterious-beauty-woman\/","title":{"rendered":"Y\u016bgen \u5e7d\u7384 &#8211; Mysterious beauty, linocut inspired by Japan"},"content":{"rendered":"\n<figure class=\"wp-block-embed is-type-video is-provider-youtube wp-block-embed-youtube wp-embed-aspect-9-16 wp-has-aspect-ratio\"><div class=\"wp-block-embed__wrapper\">\n<div class=\"video-container\"><iframe title=\"Linogravure japonaise beaut\u00e9 myst\u00e9rieuse &quot;Y\u016bgen&quot; #linocut #linogravure #handmadeart\" width=\"563\" height=\"1000\" src=\"https:\/\/www.youtube.com\/embed\/cA4KjAs64Jg?feature=oembed\" frameborder=\"0\" allow=\"accelerometer; autoplay; clipboard-write; encrypted-media; gyroscope; picture-in-picture; web-share\" referrerpolicy=\"strict-origin-when-cross-origin\" allowfullscreen><\/iframe><\/div>\n<\/div><\/figure>\n\n\n\n<div class=\"wp-block-columns are-vertically-aligned-center is-layout-flex wp-container-core-columns-is-layout-28f84493 wp-block-columns-is-layout-flex\">\n<div class=\"wp-block-column is-vertically-aligned-center is-layout-flow wp-block-column-is-layout-flow\">\n<h2 class=\"wp-block-heading\">Linocutting, a traditional technique<\/h2>\n\n\n\n<p>Each <strong>engraving<\/strong> is made by hand on a linoleum plate, precision-engraved with fine gouges.\nPrints are also made by hand, using a traditional Japanese baren. <strong>Each print is thus unique<\/strong>, offering an authentic and singular character to each work. <\/p>\n\n\n\n<p>Find all the <a href=\"https:\/\/japanese-linocut.com\/en\/characteristics-of-my-linocuts\/\">characteristics of my linocuts<\/a><\/p>\n<\/div>\n\n\n\n<div class=\"wp-block-column is-vertically-aligned-center is-layout-flow wp-block-column-is-layout-flow\" style=\"flex-basis:60%\">\n<figure class=\"wp-block-image size-full\"><img fetchpriority=\"high\" decoding=\"async\" width=\"704\" height=\"663\" src=\"https:\/\/japanese-linocut.com\/wp-content\/uploads\/2022\/01\/Francois-Pache-artiste-graveur-linogravure.jpg\" alt=\"Linocutting, a traditional technique\" class=\"wp-image-25991\" srcset=\"https:\/\/japanese-linocut.com\/wp-content\/uploads\/2022\/01\/Francois-Pache-artiste-graveur-linogravure.jpg 704w, https:\/\/japanese-linocut.com\/wp-content\/uploads\/2022\/01\/Francois-Pache-artiste-graveur-linogravure-441x415.jpg 441w, https:\/\/japanese-linocut.com\/wp-content\/uploads\/2022\/01\/Francois-Pache-artiste-graveur-linogravure-600x565.jpg 600w, https:\/\/japanese-linocut.com\/wp-content\/uploads\/2022\/01\/Francois-Pache-artiste-graveur-linogravure-150x141.jpg 150w\" sizes=\"(max-width: 704px) 100vw, 704px\" \/><\/figure>\n<\/div>\n<\/div>\n\n<div style=\"height:25px\" aria-hidden=\"true\" class=\"wp-block-spacer\"><\/div>\n\n<div class=\"wp-block-columns are-vertically-aligned-center is-layout-flex wp-container-core-columns-is-layout-28f84493 wp-block-columns-is-layout-flex\">\n<div class=\"wp-block-column is-vertically-aligned-center is-layout-flow wp-block-column-is-layout-flow\">\n<figure class=\"wp-block-image size-full\"><img decoding=\"async\" width=\"704\" height=\"663\" src=\"https:\/\/japanese-linocut.com\/wp-content\/uploads\/2022\/01\/certificat-linogravure-japonaise.jpg\" alt=\"Limited &amp;amp; authenticated edition\" class=\"wp-image-25993\" srcset=\"https:\/\/japanese-linocut.com\/wp-content\/uploads\/2022\/01\/certificat-linogravure-japonaise.jpg 704w, https:\/\/japanese-linocut.com\/wp-content\/uploads\/2022\/01\/certificat-linogravure-japonaise-441x415.jpg 441w, https:\/\/japanese-linocut.com\/wp-content\/uploads\/2022\/01\/certificat-linogravure-japonaise-600x565.jpg 600w, https:\/\/japanese-linocut.com\/wp-content\/uploads\/2022\/01\/certificat-linogravure-japonaise-150x141.jpg 150w\" sizes=\"(max-width: 704px) 100vw, 704px\" \/><\/figure>\n<\/div>\n\n\n\n<div class=\"wp-block-column is-vertically-aligned-center is-layout-flow wp-block-column-is-layout-flow\" style=\"flex-basis:40%\">\n<h2 class=\"wp-block-heading title has-text-color\" style=\"color:#131315\">Limited &amp; authenticated edition<\/h2>\n\n\n\n<p>This work is limited to just 100 copies per color, numbered and hand-signed to guarantee its authenticity.<\/p>\n\n\n\n<p>Each piece comes with a certificate of authenticity.<\/p>\n\n\n\n<p>Please note:  <\/p>\n\n\n\n<ul class=\"wp-block-list\">\n<li>The A6-sized Kawaii Mini Print collection is not included in this limited edition.<\/li>\n\n\n\n<li>Due to the nature of engraving, each print is unique and therefore may be a little different from the others. There may be a few imperfections or small unprinted areas.  <\/li>\n\n\n\n<li>Sold without frame, except for the Kawaii mini print A6 collection.<\/li>\n<\/ul>\n<\/div>\n<\/div>\n\n<div style=\"height:30px\" aria-hidden=\"true\" class=\"wp-block-spacer\"><\/div>\n\n<div class=\"wp-block-columns are-vertically-aligned-center is-layout-flex wp-container-core-columns-is-layout-28f84493 wp-block-columns-is-layout-flex\">\n<div class=\"wp-block-column is-vertically-aligned-center is-layout-flow wp-block-column-is-layout-flow\">\n<h2 class=\"wp-block-heading\">Quality engravings<\/h2>\n\n\n\n<p>Each linocut is carefully crafted using high-quality Japanese engraving tools, guaranteeing incomparable precision and finesse.\nPrinting is carried out by hand on mulberry paper (wenzhou or washi), renowned for its delicate texture and durability.\nThis refined paper, combined with meticulous craftsmanship, gives each piece a unique, timeless beauty, making it an exceptional collector&#8217;s item.  <\/p>\n<\/div>\n\n\n\n<div class=\"wp-block-column is-vertically-aligned-center is-layout-flow wp-block-column-is-layout-flow\" style=\"flex-basis:60%\">\n<figure class=\"wp-block-image size-full\"><img decoding=\"async\" width=\"704\" height=\"663\" src=\"https:\/\/japanese-linocut.com\/wp-content\/uploads\/2022\/01\/gravure-japonaise-fait-main.jpg\" alt=\"Quality engravings\" class=\"wp-image-25995\" srcset=\"https:\/\/japanese-linocut.com\/wp-content\/uploads\/2022\/01\/gravure-japonaise-fait-main.jpg 704w, https:\/\/japanese-linocut.com\/wp-content\/uploads\/2022\/01\/gravure-japonaise-fait-main-441x415.jpg 441w, https:\/\/japanese-linocut.com\/wp-content\/uploads\/2022\/01\/gravure-japonaise-fait-main-600x565.jpg 600w, https:\/\/japanese-linocut.com\/wp-content\/uploads\/2022\/01\/gravure-japonaise-fait-main-150x141.jpg 150w\" sizes=\"(max-width: 704px) 100vw, 704px\" \/><\/figure>\n<\/div>\n<\/div>\n\n<div style=\"height:30px\" aria-hidden=\"true\" class=\"wp-block-spacer\"><\/div>\n\n<div class=\"wp-block-columns are-vertically-aligned-center is-layout-flex wp-container-core-columns-is-layout-28f84493 wp-block-columns-is-layout-flex\">\n<div class=\"wp-block-column is-vertically-aligned-center is-layout-flow wp-block-column-is-layout-flow\">\n<figure class=\"wp-block-image size-full\"><img loading=\"lazy\" decoding=\"async\" width=\"704\" height=\"663\" src=\"https:\/\/japanese-linocut.com\/wp-content\/uploads\/2022\/01\/francois-pache-voyage-japon.jpg\" alt=\"Travel to the heart of Japan through my linocuts\" class=\"wp-image-25997\" srcset=\"https:\/\/japanese-linocut.com\/wp-content\/uploads\/2022\/01\/francois-pache-voyage-japon.jpg 704w, https:\/\/japanese-linocut.com\/wp-content\/uploads\/2022\/01\/francois-pache-voyage-japon-441x415.jpg 441w, https:\/\/japanese-linocut.com\/wp-content\/uploads\/2022\/01\/francois-pache-voyage-japon-600x565.jpg 600w, https:\/\/japanese-linocut.com\/wp-content\/uploads\/2022\/01\/francois-pache-voyage-japon-150x141.jpg 150w\" sizes=\"(max-width: 704px) 100vw, 704px\" \/><\/figure>\n<\/div>\n\n\n\n<div class=\"wp-block-column is-vertically-aligned-center is-layout-flow wp-block-column-is-layout-flow\" style=\"flex-basis:40%\">\n<h2 class=\"wp-block-heading\">Travel to the heart of Japan through my linocuts<\/h2>\n\n\n\n<p>My linocuts are directly inspired by my travels in Japan.\nFascinated by this country, its enchanting landscapes and rich culture, I create works that capture the essence of places that have made a deep impression on me.\nMy creations reflect the diversity of Japanese landscapes, from the mystical beauty of its temples to the elegance of its maiko.\nEach theme is carefully chosen by myself and Sophie to offer an authentic and captivating representation of Japanese culture, and thus share with you a unique vision of this fascinating country.   <br\/><br\/>Fran\u00e7ois Pache, artist engraver.<\/p>\n<\/div>\n<\/div>\n\n<div style=\"height:30px\" aria-hidden=\"true\" class=\"wp-block-spacer\"><\/div>\n\n<div class=\"wp-block-columns are-vertically-aligned-center is-layout-flex wp-container-core-columns-is-layout-28f84493 wp-block-columns-is-layout-flex\">\n<div class=\"wp-block-column is-vertically-aligned-center is-layout-flow wp-block-column-is-layout-flow\">\n<h2 class=\"wp-block-heading\">Handcrafted, Japanese-inspired packaging<\/h2>\n\n\n\n<p>Each linocut is accompanied by smooth, thick paper, protected by transparent plastic film and, for larger formats, a rigid cardboard sleeve.\nIt is then delicately placed in a handmade origami by Sophie, representing an authentic Japanese kimono. <\/p>\n\n\n\n<p>To guarantee impeccable delivery and preserve the beauty of your work, we pack it in a rigid cardboard box, ensuring that it arrives in perfect condition.\nWhat&#8217;s more, each linocut is accompanied by a tracking number that we send you by e-mail, enabling you to follow your order right through to receipt. <\/p>\n\n\n\n<p>Don&#8217;t forget to add the gift-wrapping option: handmade paper adorned with kumiko motifs, perfect for offering a touch of Japanese elegance.<\/p>\n<\/div>\n\n\n\n<div class=\"wp-block-column is-vertically-aligned-center is-layout-flow wp-block-column-is-layout-flow\" style=\"flex-basis:60%\">\n<figure class=\"wp-block-image size-full\"><img loading=\"lazy\" decoding=\"async\" width=\"704\" height=\"663\" src=\"https:\/\/japanese-linocut.com\/wp-content\/uploads\/2022\/01\/emballage-origami-linogravure.jpg\" alt=\"Handcrafted, Japanese-inspired packaging\" class=\"wp-image-25999\" srcset=\"https:\/\/japanese-linocut.com\/wp-content\/uploads\/2022\/01\/emballage-origami-linogravure.jpg 704w, https:\/\/japanese-linocut.com\/wp-content\/uploads\/2022\/01\/emballage-origami-linogravure-441x415.jpg 441w, https:\/\/japanese-linocut.com\/wp-content\/uploads\/2022\/01\/emballage-origami-linogravure-600x565.jpg 600w, https:\/\/japanese-linocut.com\/wp-content\/uploads\/2022\/01\/emballage-origami-linogravure-150x141.jpg 150w\" sizes=\"(max-width: 704px) 100vw, 704px\" \/><\/figure>\n<\/div>\n<\/div>\n","protected":false},"excerpt":{"rendered":"<p style=\"font-size: 14px; color: #72767c;\">Size 21 x 29,7 cm<\/p>\n<p>[cg_accordion title=\"Description\"]With this new linocut, I continue my exploration of Japanese aesthetics. While my previous work on the <strong><a href=\"https:\/\/japanese-linocut.com\/en\/produit\/songs-of-a-japanese-woman-in-traditional-kimono\/\">print &#8220;Dreams&#8221; of a Japanese woman in a yukata<\/a><\/strong> captured a moment of reflection, Y\u016bgen, mysterious beauty goes further in its suggestion.<\/p>\n<p>The Japanese term Y\u016bgen \u5e7d\u7384 evokes a mysterious beauty, a depth that can be sensed without being fully perceived. For this creation, I chose to engrave only the essentials: a face bathed in light, a few light strokes for the movement of the kimono, and a dreamlike vegetal background. I wanted each stroke of the gouge to leave room for your imagination, between cast shadows and subtle clarity.<\/p>\n<p>[\/cg_accordion] [cg_accordion title=\"100% handmade creation\"] \u200bThis Japanese print is handcrafted on exceptional mulberry paper. It is available in two versions: intense black and deep blue. Each print is an original work of art, signed and numbered by hand, accompanied by a certificate of authenticity. [\/cg_accordion] [cg_accordion title=\"Livraison gratuite\"] Free shipping. Receive the artwork wherever you are. Sold without frame or mount. Returns accepted. [\/cg_accordion]<\/p>\n","protected":false},"featured_media":29458,"comment_status":"open","ping_status":"closed","template":"","meta":{"_acf_changed":false},"product_brand":[],"product_cat":[348],"product_tag":[],"class_list":{"0":"post-29477","1":"product","2":"type-product","3":"status-publish","4":"has-post-thumbnail","6":"product_cat-maiko-collection","8":"first","9":"instock","10":"taxable","11":"shipping-taxable","12":"purchasable","13":"product-type-variable","14":"has-default-attributes"},"acf":[],"yoast_head":"<!-- This site is optimized with the Yoast SEO plugin v27.3 - https:\/\/yoast.com\/product\/yoast-seo-wordpress\/ -->\n<title>Y\u016bgen \u5e7d\u7384 - Mysterious beauty, linocut inspired by Japan | Japanese Linocut<\/title>\n<meta name=\"description\" content=\"A linocut inspired by Japanese women, Y\u016bgen evokes a mysterious beauty. Handcrafted print, signed and numbered, in black or deep blue.\" \/>\n<meta name=\"robots\" content=\"index, follow, max-snippet:-1, max-image-preview:large, max-video-preview:-1\" \/>\n<link rel=\"canonical\" href=\"https:\/\/japanese-linocut.com\/en\/produit\/linocut-yugen-mysterious-beauty-woman\/\" \/>\n<meta property=\"og:locale\" content=\"en_US\" \/>\n<meta property=\"og:type\" content=\"article\" \/>\n<meta property=\"og:title\" content=\"Y\u016bgen \u5e7d\u7384 - Mysterious beauty, linocut inspired by Japan | Japanese Linocut\" \/>\n<meta property=\"og:description\" content=\"A linocut inspired by Japanese women, Y\u016bgen evokes a mysterious beauty. Handcrafted print, signed and numbered, in black or deep blue.\" \/>\n<meta property=\"og:url\" content=\"https:\/\/japanese-linocut.com\/en\/produit\/linocut-yugen-mysterious-beauty-woman\/\" \/>\n<meta property=\"og:site_name\" content=\"Japanese Linocut\" \/>\n<meta property=\"article:publisher\" content=\"https:\/\/www.facebook.com\/japaneselinocut\" \/>\n<meta property=\"article:modified_time\" content=\"2026-01-05T12:52:21+00:00\" \/>\n<meta property=\"og:image\" content=\"https:\/\/japanese-linocut.com\/wp-content\/uploads\/2025\/12\/linogravure-japonaise-beaute-mysterieuse-yugen-noir.jpg\" \/>\n\t<meta property=\"og:image:width\" content=\"800\" \/>\n\t<meta property=\"og:image:height\" content=\"993\" \/>\n\t<meta property=\"og:image:type\" content=\"image\/jpeg\" \/>\n<meta name=\"twitter:card\" content=\"summary_large_image\" \/>\n<meta name=\"twitter:label1\" content=\"Est. reading time\" \/>\n\t<meta name=\"twitter:data1\" content=\"4 minutes\" \/>\n<script type=\"application\/ld+json\" class=\"yoast-schema-graph\">{\"@context\":\"https:\\\/\\\/schema.org\",\"@graph\":[{\"@type\":\"WebPage\",\"@id\":\"https:\\\/\\\/japanese-linocut.com\\\/en\\\/produit\\\/linocut-yugen-mysterious-beauty-woman\\\/\",\"url\":\"https:\\\/\\\/japanese-linocut.com\\\/en\\\/produit\\\/linocut-yugen-mysterious-beauty-woman\\\/\",\"name\":\"Y\u016bgen \u5e7d\u7384 - Mysterious beauty, linocut inspired by Japan | Japanese Linocut\",\"isPartOf\":{\"@id\":\"https:\\\/\\\/japanese-linocut.com\\\/en\\\/#website\"},\"primaryImageOfPage\":{\"@id\":\"https:\\\/\\\/japanese-linocut.com\\\/en\\\/produit\\\/linocut-yugen-mysterious-beauty-woman\\\/#primaryimage\"},\"image\":{\"@id\":\"https:\\\/\\\/japanese-linocut.com\\\/en\\\/produit\\\/linocut-yugen-mysterious-beauty-woman\\\/#primaryimage\"},\"thumbnailUrl\":\"https:\\\/\\\/japanese-linocut.com\\\/wp-content\\\/uploads\\\/2025\\\/12\\\/linogravure-japonaise-beaute-mysterieuse-yugen-noir.jpg\",\"datePublished\":\"2025-12-27T17:28:38+00:00\",\"dateModified\":\"2026-01-05T12:52:21+00:00\",\"description\":\"A linocut inspired by Japanese women, Y\u016bgen evokes a mysterious beauty. Handcrafted print, signed and numbered, in black or deep blue.\",\"breadcrumb\":{\"@id\":\"https:\\\/\\\/japanese-linocut.com\\\/en\\\/produit\\\/linocut-yugen-mysterious-beauty-woman\\\/#breadcrumb\"},\"inLanguage\":\"en-US\",\"potentialAction\":[{\"@type\":\"ReadAction\",\"target\":[\"https:\\\/\\\/japanese-linocut.com\\\/en\\\/produit\\\/linocut-yugen-mysterious-beauty-woman\\\/\"]}]},{\"@type\":\"ImageObject\",\"inLanguage\":\"en-US\",\"@id\":\"https:\\\/\\\/japanese-linocut.com\\\/en\\\/produit\\\/linocut-yugen-mysterious-beauty-woman\\\/#primaryimage\",\"url\":\"https:\\\/\\\/japanese-linocut.com\\\/wp-content\\\/uploads\\\/2025\\\/12\\\/linogravure-japonaise-beaute-mysterieuse-yugen-noir.jpg\",\"contentUrl\":\"https:\\\/\\\/japanese-linocut.com\\\/wp-content\\\/uploads\\\/2025\\\/12\\\/linogravure-japonaise-beaute-mysterieuse-yugen-noir.jpg\",\"width\":800,\"height\":993,\"caption\":\"Linogravure japonaise beaut\u00e9 myst\u00e9rieuse - yugen - noir\"},{\"@type\":\"BreadcrumbList\",\"@id\":\"https:\\\/\\\/japanese-linocut.com\\\/en\\\/produit\\\/linocut-yugen-mysterious-beauty-woman\\\/#breadcrumb\",\"itemListElement\":[{\"@type\":\"ListItem\",\"position\":1,\"name\":\"Home\",\"item\":\"https:\\\/\\\/japanese-linocut.com\\\/en\\\/\"},{\"@type\":\"ListItem\",\"position\":2,\"name\":\"Japanese Linocut printmaking Shop\",\"item\":\"https:\\\/\\\/japanese-linocut.com\\\/en\\\/japanese-linocut-shop\\\/\"},{\"@type\":\"ListItem\",\"position\":3,\"name\":\"Y\u016bgen \u5e7d\u7384 &#8211; Mysterious beauty, linocut inspired by Japan\"}]},{\"@type\":\"WebSite\",\"@id\":\"https:\\\/\\\/japanese-linocut.com\\\/en\\\/#website\",\"url\":\"https:\\\/\\\/japanese-linocut.com\\\/en\\\/\",\"name\":\"Japanese Linocut\",\"description\":\"Linogravure sur le th\u00e8me du Japon\",\"publisher\":{\"@id\":\"https:\\\/\\\/japanese-linocut.com\\\/en\\\/#organization\"},\"alternateName\":\"Japanese Linocut\",\"potentialAction\":[{\"@type\":\"SearchAction\",\"target\":{\"@type\":\"EntryPoint\",\"urlTemplate\":\"https:\\\/\\\/japanese-linocut.com\\\/en\\\/?s={search_term_string}\"},\"query-input\":{\"@type\":\"PropertyValueSpecification\",\"valueRequired\":true,\"valueName\":\"search_term_string\"}}],\"inLanguage\":\"en-US\"},{\"@type\":\"Organization\",\"@id\":\"https:\\\/\\\/japanese-linocut.com\\\/en\\\/#organization\",\"name\":\"Japanese Linocut\",\"alternateName\":\"Japanese Linocut\",\"url\":\"https:\\\/\\\/japanese-linocut.com\\\/en\\\/\",\"logo\":{\"@type\":\"ImageObject\",\"inLanguage\":\"en-US\",\"@id\":\"https:\\\/\\\/japanese-linocut.com\\\/en\\\/#\\\/schema\\\/logo\\\/image\\\/\",\"url\":\"https:\\\/\\\/japanese-linocut.com\\\/wp-content\\\/uploads\\\/2022\\\/04\\\/logo-japanese-linocut.svg\",\"contentUrl\":\"https:\\\/\\\/japanese-linocut.com\\\/wp-content\\\/uploads\\\/2022\\\/04\\\/logo-japanese-linocut.svg\",\"width\":172,\"height\":62,\"caption\":\"Japanese Linocut\"},\"image\":{\"@id\":\"https:\\\/\\\/japanese-linocut.com\\\/en\\\/#\\\/schema\\\/logo\\\/image\\\/\"},\"sameAs\":[\"https:\\\/\\\/www.facebook.com\\\/japaneselinocut\",\"https:\\\/\\\/www.instagram.com\\\/japanese.linocut\\\/\",\"https:\\\/\\\/www.youtube.com\\\/@japaneselinocut\",\"https:\\\/\\\/www.etsy.com\\\/fr\\\/shop\\\/JapaneseLinocut\",\"https:\\\/\\\/www.pinterest.fr\\\/JapaneseLinocut\\\/\"]}]}<\/script>\n<!-- \/ Yoast SEO plugin. -->","yoast_head_json":{"title":"Y\u016bgen \u5e7d\u7384 - Mysterious beauty, linocut inspired by Japan | Japanese Linocut","description":"A linocut inspired by Japanese women, Y\u016bgen evokes a mysterious beauty. Handcrafted print, signed and numbered, in black or deep blue.","robots":{"index":"index","follow":"follow","max-snippet":"max-snippet:-1","max-image-preview":"max-image-preview:large","max-video-preview":"max-video-preview:-1"},"canonical":"https:\/\/japanese-linocut.com\/en\/produit\/linocut-yugen-mysterious-beauty-woman\/","og_locale":"en_US","og_type":"article","og_title":"Y\u016bgen \u5e7d\u7384 - Mysterious beauty, linocut inspired by Japan | Japanese Linocut","og_description":"A linocut inspired by Japanese women, Y\u016bgen evokes a mysterious beauty. Handcrafted print, signed and numbered, in black or deep blue.","og_url":"https:\/\/japanese-linocut.com\/en\/produit\/linocut-yugen-mysterious-beauty-woman\/","og_site_name":"Japanese Linocut","article_publisher":"https:\/\/www.facebook.com\/japaneselinocut","article_modified_time":"2026-01-05T12:52:21+00:00","og_image":[{"width":800,"height":993,"url":"https:\/\/japanese-linocut.com\/wp-content\/uploads\/2025\/12\/linogravure-japonaise-beaute-mysterieuse-yugen-noir.jpg","type":"image\/jpeg"}],"twitter_card":"summary_large_image","twitter_misc":{"Est. reading time":"4 minutes"},"schema":{"@context":"https:\/\/schema.org","@graph":[{"@type":"WebPage","@id":"https:\/\/japanese-linocut.com\/en\/produit\/linocut-yugen-mysterious-beauty-woman\/","url":"https:\/\/japanese-linocut.com\/en\/produit\/linocut-yugen-mysterious-beauty-woman\/","name":"Y\u016bgen \u5e7d\u7384 - Mysterious beauty, linocut inspired by Japan | Japanese Linocut","isPartOf":{"@id":"https:\/\/japanese-linocut.com\/en\/#website"},"primaryImageOfPage":{"@id":"https:\/\/japanese-linocut.com\/en\/produit\/linocut-yugen-mysterious-beauty-woman\/#primaryimage"},"image":{"@id":"https:\/\/japanese-linocut.com\/en\/produit\/linocut-yugen-mysterious-beauty-woman\/#primaryimage"},"thumbnailUrl":"https:\/\/japanese-linocut.com\/wp-content\/uploads\/2025\/12\/linogravure-japonaise-beaute-mysterieuse-yugen-noir.jpg","datePublished":"2025-12-27T17:28:38+00:00","dateModified":"2026-01-05T12:52:21+00:00","description":"A linocut inspired by Japanese women, Y\u016bgen evokes a mysterious beauty. Handcrafted print, signed and numbered, in black or deep blue.","breadcrumb":{"@id":"https:\/\/japanese-linocut.com\/en\/produit\/linocut-yugen-mysterious-beauty-woman\/#breadcrumb"},"inLanguage":"en-US","potentialAction":[{"@type":"ReadAction","target":["https:\/\/japanese-linocut.com\/en\/produit\/linocut-yugen-mysterious-beauty-woman\/"]}]},{"@type":"ImageObject","inLanguage":"en-US","@id":"https:\/\/japanese-linocut.com\/en\/produit\/linocut-yugen-mysterious-beauty-woman\/#primaryimage","url":"https:\/\/japanese-linocut.com\/wp-content\/uploads\/2025\/12\/linogravure-japonaise-beaute-mysterieuse-yugen-noir.jpg","contentUrl":"https:\/\/japanese-linocut.com\/wp-content\/uploads\/2025\/12\/linogravure-japonaise-beaute-mysterieuse-yugen-noir.jpg","width":800,"height":993,"caption":"Linogravure japonaise beaut\u00e9 myst\u00e9rieuse - yugen - noir"},{"@type":"BreadcrumbList","@id":"https:\/\/japanese-linocut.com\/en\/produit\/linocut-yugen-mysterious-beauty-woman\/#breadcrumb","itemListElement":[{"@type":"ListItem","position":1,"name":"Home","item":"https:\/\/japanese-linocut.com\/en\/"},{"@type":"ListItem","position":2,"name":"Japanese Linocut printmaking Shop","item":"https:\/\/japanese-linocut.com\/en\/japanese-linocut-shop\/"},{"@type":"ListItem","position":3,"name":"Y\u016bgen \u5e7d\u7384 &#8211; Mysterious beauty, linocut inspired by Japan"}]},{"@type":"WebSite","@id":"https:\/\/japanese-linocut.com\/en\/#website","url":"https:\/\/japanese-linocut.com\/en\/","name":"Japanese Linocut","description":"Linogravure sur le th\u00e8me du Japon","publisher":{"@id":"https:\/\/japanese-linocut.com\/en\/#organization"},"alternateName":"Japanese Linocut","potentialAction":[{"@type":"SearchAction","target":{"@type":"EntryPoint","urlTemplate":"https:\/\/japanese-linocut.com\/en\/?s={search_term_string}"},"query-input":{"@type":"PropertyValueSpecification","valueRequired":true,"valueName":"search_term_string"}}],"inLanguage":"en-US"},{"@type":"Organization","@id":"https:\/\/japanese-linocut.com\/en\/#organization","name":"Japanese Linocut","alternateName":"Japanese Linocut","url":"https:\/\/japanese-linocut.com\/en\/","logo":{"@type":"ImageObject","inLanguage":"en-US","@id":"https:\/\/japanese-linocut.com\/en\/#\/schema\/logo\/image\/","url":"https:\/\/japanese-linocut.com\/wp-content\/uploads\/2022\/04\/logo-japanese-linocut.svg","contentUrl":"https:\/\/japanese-linocut.com\/wp-content\/uploads\/2022\/04\/logo-japanese-linocut.svg","width":172,"height":62,"caption":"Japanese Linocut"},"image":{"@id":"https:\/\/japanese-linocut.com\/en\/#\/schema\/logo\/image\/"},"sameAs":["https:\/\/www.facebook.com\/japaneselinocut","https:\/\/www.instagram.com\/japanese.linocut\/","https:\/\/www.youtube.com\/@japaneselinocut","https:\/\/www.etsy.com\/fr\/shop\/JapaneseLinocut","https:\/\/www.pinterest.fr\/JapaneseLinocut\/"]}]}},"_links":{"self":[{"href":"https:\/\/japanese-linocut.com\/en\/wp-json\/wp\/v2\/product\/29477","targetHints":{"allow":["GET"]}}],"collection":[{"href":"https:\/\/japanese-linocut.com\/en\/wp-json\/wp\/v2\/product"}],"about":[{"href":"https:\/\/japanese-linocut.com\/en\/wp-json\/wp\/v2\/types\/product"}],"replies":[{"embeddable":true,"href":"https:\/\/japanese-linocut.com\/en\/wp-json\/wp\/v2\/comments?post=29477"}],"wp:featuredmedia":[{"embeddable":true,"href":"https:\/\/japanese-linocut.com\/en\/wp-json\/wp\/v2\/media\/29458"}],"wp:attachment":[{"href":"https:\/\/japanese-linocut.com\/en\/wp-json\/wp\/v2\/media?parent=29477"}],"wp:term":[{"taxonomy":"product_brand","embeddable":true,"href":"https:\/\/japanese-linocut.com\/en\/wp-json\/wp\/v2\/product_brand?post=29477"},{"taxonomy":"product_cat","embeddable":true,"href":"https:\/\/japanese-linocut.com\/en\/wp-json\/wp\/v2\/product_cat?post=29477"},{"taxonomy":"product_tag","embeddable":true,"href":"https:\/\/japanese-linocut.com\/en\/wp-json\/wp\/v2\/product_tag?post=29477"}],"curies":[{"name":"wp","href":"https:\/\/api.w.org\/{rel}","templated":true}]}}